{"id":8439,"date":"2024-02-12T07:29:54","date_gmt":"2024-02-12T07:29:54","guid":{"rendered":"https:\/\/www.imprimeriepharmacie.be\/?page_id=8439"},"modified":"2026-02-02T10:27:46","modified_gmt":"2026-02-02T10:27:46","slug":"etiquettes-distributrices","status":"publish","type":"page","link":"https:\/\/www.imprimeriepharmacie.be\/fr\/imprimerie-cartonnage\/produits\/etiquettes-distributrices\/","title":{"rendered":"\u00c8tiquettes \/ Distributrices"},"content":{"rendered":"","protected":false},"excerpt":{"rendered":"","protected":false},"author":7,"featured_media":3351,"parent":3419,"menu_order":5,"comment_status":"closed","ping_status":"closed","template":"","meta":{"_acf_changed":false,"inline_featured_image":false,"footnotes":""},"class_list":["post-8439","page","type-page","status-publish","has-post-thumbnail","hentry"],"acf":[],"yoast_head":"<!-- This site is optimized with the Yoast SEO plugin v27.5 - https:\/\/yoast.com\/product\/yoast-seo-wordpress\/ -->\n<title>\u00e9tiquettes et bo\u00eetes distributrices | Imprimerie Sanderus\u00e9<\/title>\n<meta name=\"description\" content=\"D\u00e9couvrez notre large gamme d&#039;\u00e9tiquettes et de bo\u00eetes distributrices assorties. Vous avez aussi le choix des \u00e9tiquettes sur papier gomm\u00e9.\" \/>\n<meta name=\"robots\" content=\"index, follow, max-snippet:-1, max-image-preview:large, max-video-preview:-1\" \/>\n<link rel=\"canonical\" href=\"https:\/\/www.drukkerij-sanderus.be\/fr\/imprimerie-cartonnage\/produits\/etiquettes-distributrices\/\" \/>\n<meta property=\"og:locale\" content=\"fr_FR\" \/>\n<meta property=\"og:type\" content=\"article\" \/>\n<meta property=\"og:title\" content=\"\u00e9tiquettes et bo\u00eetes distributrices | Imprimerie Sanderus\u00e9\" \/>\n<meta property=\"og:description\" content=\"D\u00e9couvrez notre large gamme d&#039;\u00e9tiquettes et de bo\u00eetes distributrices assorties. Vous avez aussi le choix des \u00e9tiquettes sur papier gomm\u00e9.\" \/>\n<meta property=\"og:url\" content=\"https:\/\/www.drukkerij-sanderus.be\/fr\/imprimerie-cartonnage\/produits\/etiquettes-distributrices\/\" \/>\n<meta property=\"og:site_name\" content=\"Sanderus\" \/>\n<meta property=\"article:modified_time\" content=\"2026-02-02T10:27:46+00:00\" \/>\n<meta property=\"og:image\" content=\"https:\/\/www.drukkerij-sanderus.be\/wp-content\/uploads\/2019\/07\/\u00a9Grafoman-Sanderus-producten-industrie021.jpg\" \/>\n\t<meta property=\"og:image:width\" content=\"1800\" \/>\n\t<meta property=\"og:image:height\" content=\"1202\" \/>\n\t<meta property=\"og:image:type\" content=\"image\/jpeg\" \/>\n<meta name=\"twitter:card\" content=\"summary_large_image\" \/>\n<meta name=\"twitter:label1\" content=\"Dur\u00e9e de lecture estim\u00e9e\" \/>\n\t<meta name=\"twitter:data1\" content=\"3 minutes\" \/>\n<script type=\"application\/ld+json\" class=\"yoast-schema-graph\">{\"@context\":\"https:\\\/\\\/schema.org\",\"@graph\":[{\"@type\":\"WebPage\",\"@id\":\"https:\\\/\\\/www.drukkerij-sanderus.be\\\/fr\\\/imprimerie-cartonnage\\\/produits\\\/etiquettes-distributrices\\\/\",\"url\":\"https:\\\/\\\/www.drukkerij-sanderus.be\\\/fr\\\/imprimerie-cartonnage\\\/produits\\\/etiquettes-distributrices\\\/\",\"name\":\"\u00e9tiquettes et bo\u00eetes distributrices | Imprimerie Sanderus\u00e9\",\"isPartOf\":{\"@id\":\"https:\\\/\\\/www.apotheekdrukwerk.be\\\/#website\"},\"primaryImageOfPage\":{\"@id\":\"https:\\\/\\\/www.drukkerij-sanderus.be\\\/fr\\\/imprimerie-cartonnage\\\/produits\\\/etiquettes-distributrices\\\/#primaryimage\"},\"image\":{\"@id\":\"https:\\\/\\\/www.drukkerij-sanderus.be\\\/fr\\\/imprimerie-cartonnage\\\/produits\\\/etiquettes-distributrices\\\/#primaryimage\"},\"thumbnailUrl\":\"https:\\\/\\\/www.imprimeriepharmacie.be\\\/wp-content\\\/uploads\\\/2019\\\/07\\\/\u00a9Grafoman-Sanderus-producten-industrie021.jpg\",\"datePublished\":\"2024-02-12T07:29:54+00:00\",\"dateModified\":\"2026-02-02T10:27:46+00:00\",\"description\":\"D\u00e9couvrez notre large gamme d'\u00e9tiquettes et de bo\u00eetes distributrices assorties. Vous avez aussi le choix des \u00e9tiquettes sur papier gomm\u00e9.\",\"breadcrumb\":{\"@id\":\"https:\\\/\\\/www.drukkerij-sanderus.be\\\/fr\\\/imprimerie-cartonnage\\\/produits\\\/etiquettes-distributrices\\\/#breadcrumb\"},\"inLanguage\":\"fr-FR\",\"potentialAction\":[{\"@type\":\"ReadAction\",\"target\":[\"https:\\\/\\\/www.drukkerij-sanderus.be\\\/fr\\\/imprimerie-cartonnage\\\/produits\\\/etiquettes-distributrices\\\/\"]}]},{\"@type\":\"ImageObject\",\"inLanguage\":\"fr-FR\",\"@id\":\"https:\\\/\\\/www.drukkerij-sanderus.be\\\/fr\\\/imprimerie-cartonnage\\\/produits\\\/etiquettes-distributrices\\\/#primaryimage\",\"url\":\"https:\\\/\\\/www.imprimeriepharmacie.be\\\/wp-content\\\/uploads\\\/2019\\\/07\\\/\u00a9Grafoman-Sanderus-producten-industrie021.jpg\",\"contentUrl\":\"https:\\\/\\\/www.imprimeriepharmacie.be\\\/wp-content\\\/uploads\\\/2019\\\/07\\\/\u00a9Grafoman-Sanderus-producten-industrie021.jpg\",\"width\":1800,\"height\":1202,\"caption\":\"Des \u00e9tiquettes gomm\u00e9es\"},{\"@type\":\"BreadcrumbList\",\"@id\":\"https:\\\/\\\/www.drukkerij-sanderus.be\\\/fr\\\/imprimerie-cartonnage\\\/produits\\\/etiquettes-distributrices\\\/#breadcrumb\",\"itemListElement\":[{\"@type\":\"ListItem\",\"position\":1,\"name\":\"Home\",\"item\":\"https:\\\/\\\/www.imprimeriepharmacie.be\\\/fr\\\/\"},{\"@type\":\"ListItem\",\"position\":2,\"name\":\"Imprimerie cartonnage\",\"item\":\"https:\\\/\\\/www.imprimeriesanderus.be\\\/fr\\\/imprimerie-cartonnage\\\/\"},{\"@type\":\"ListItem\",\"position\":3,\"name\":\"Produits\",\"item\":\"https:\\\/\\\/www.imprimeriesanderus.be\\\/fr\\\/imprimerie-cartonnage\\\/produits\\\/\"},{\"@type\":\"ListItem\",\"position\":4,\"name\":\"\u00c8tiquettes \\\/ Distributrices\"}]},{\"@type\":\"WebSite\",\"@id\":\"https:\\\/\\\/www.apotheekdrukwerk.be\\\/#website\",\"url\":\"https:\\\/\\\/www.apotheekdrukwerk.be\\\/\",\"name\":\"Sanderus\",\"description\":\"\",\"potentialAction\":[{\"@type\":\"SearchAction\",\"target\":{\"@type\":\"EntryPoint\",\"urlTemplate\":\"https:\\\/\\\/www.apotheekdrukwerk.be\\\/?s={search_term_string}\"},\"query-input\":{\"@type\":\"PropertyValueSpecification\",\"valueRequired\":true,\"valueName\":\"search_term_string\"}}],\"inLanguage\":\"fr-FR\"}]}<\/script>\n<!-- \/ Yoast SEO plugin. -->","yoast_head_json":{"title":"\u00e9tiquettes et bo\u00eetes distributrices | Imprimerie Sanderus\u00e9","description":"D\u00e9couvrez notre large gamme d'\u00e9tiquettes et de bo\u00eetes distributrices assorties. Vous avez aussi le choix des \u00e9tiquettes sur papier gomm\u00e9.","robots":{"index":"index","follow":"follow","max-snippet":"max-snippet:-1","max-image-preview":"max-image-preview:large","max-video-preview":"max-video-preview:-1"},"canonical":"https:\/\/www.drukkerij-sanderus.be\/fr\/imprimerie-cartonnage\/produits\/etiquettes-distributrices\/","og_locale":"fr_FR","og_type":"article","og_title":"\u00e9tiquettes et bo\u00eetes distributrices | Imprimerie Sanderus\u00e9","og_description":"D\u00e9couvrez notre large gamme d'\u00e9tiquettes et de bo\u00eetes distributrices assorties. Vous avez aussi le choix des \u00e9tiquettes sur papier gomm\u00e9.","og_url":"https:\/\/www.drukkerij-sanderus.be\/fr\/imprimerie-cartonnage\/produits\/etiquettes-distributrices\/","og_site_name":"Sanderus","article_modified_time":"2026-02-02T10:27:46+00:00","og_image":[{"width":1800,"height":1202,"url":"https:\/\/www.drukkerij-sanderus.be\/wp-content\/uploads\/2019\/07\/\u00a9Grafoman-Sanderus-producten-industrie021.jpg","type":"image\/jpeg"}],"twitter_card":"summary_large_image","twitter_misc":{"Dur\u00e9e de lecture estim\u00e9e":"3 minutes"},"schema":{"@context":"https:\/\/schema.org","@graph":[{"@type":"WebPage","@id":"https:\/\/www.drukkerij-sanderus.be\/fr\/imprimerie-cartonnage\/produits\/etiquettes-distributrices\/","url":"https:\/\/www.drukkerij-sanderus.be\/fr\/imprimerie-cartonnage\/produits\/etiquettes-distributrices\/","name":"\u00e9tiquettes et bo\u00eetes distributrices | Imprimerie Sanderus\u00e9","isPartOf":{"@id":"https:\/\/www.apotheekdrukwerk.be\/#website"},"primaryImageOfPage":{"@id":"https:\/\/www.drukkerij-sanderus.be\/fr\/imprimerie-cartonnage\/produits\/etiquettes-distributrices\/#primaryimage"},"image":{"@id":"https:\/\/www.drukkerij-sanderus.be\/fr\/imprimerie-cartonnage\/produits\/etiquettes-distributrices\/#primaryimage"},"thumbnailUrl":"https:\/\/www.imprimeriepharmacie.be\/wp-content\/uploads\/2019\/07\/\u00a9Grafoman-Sanderus-producten-industrie021.jpg","datePublished":"2024-02-12T07:29:54+00:00","dateModified":"2026-02-02T10:27:46+00:00","description":"D\u00e9couvrez notre large gamme d'\u00e9tiquettes et de bo\u00eetes distributrices assorties. Vous avez aussi le choix des \u00e9tiquettes sur papier gomm\u00e9.","breadcrumb":{"@id":"https:\/\/www.drukkerij-sanderus.be\/fr\/imprimerie-cartonnage\/produits\/etiquettes-distributrices\/#breadcrumb"},"inLanguage":"fr-FR","potentialAction":[{"@type":"ReadAction","target":["https:\/\/www.drukkerij-sanderus.be\/fr\/imprimerie-cartonnage\/produits\/etiquettes-distributrices\/"]}]},{"@type":"ImageObject","inLanguage":"fr-FR","@id":"https:\/\/www.drukkerij-sanderus.be\/fr\/imprimerie-cartonnage\/produits\/etiquettes-distributrices\/#primaryimage","url":"https:\/\/www.imprimeriepharmacie.be\/wp-content\/uploads\/2019\/07\/\u00a9Grafoman-Sanderus-producten-industrie021.jpg","contentUrl":"https:\/\/www.imprimeriepharmacie.be\/wp-content\/uploads\/2019\/07\/\u00a9Grafoman-Sanderus-producten-industrie021.jpg","width":1800,"height":1202,"caption":"Des \u00e9tiquettes gomm\u00e9es"},{"@type":"BreadcrumbList","@id":"https:\/\/www.drukkerij-sanderus.be\/fr\/imprimerie-cartonnage\/produits\/etiquettes-distributrices\/#breadcrumb","itemListElement":[{"@type":"ListItem","position":1,"name":"Home","item":"https:\/\/www.imprimeriepharmacie.be\/fr\/"},{"@type":"ListItem","position":2,"name":"Imprimerie cartonnage","item":"https:\/\/www.imprimeriesanderus.be\/fr\/imprimerie-cartonnage\/"},{"@type":"ListItem","position":3,"name":"Produits","item":"https:\/\/www.imprimeriesanderus.be\/fr\/imprimerie-cartonnage\/produits\/"},{"@type":"ListItem","position":4,"name":"\u00c8tiquettes \/ Distributrices"}]},{"@type":"WebSite","@id":"https:\/\/www.apotheekdrukwerk.be\/#website","url":"https:\/\/www.apotheekdrukwerk.be\/","name":"Sanderus","description":"","potentialAction":[{"@type":"SearchAction","target":{"@type":"EntryPoint","urlTemplate":"https:\/\/www.apotheekdrukwerk.be\/?s={search_term_string}"},"query-input":{"@type":"PropertyValueSpecification","valueRequired":true,"valueName":"search_term_string"}}],"inLanguage":"fr-FR"}]}},"_links":{"self":[{"href":"https:\/\/www.imprimeriepharmacie.be\/fr\/wp-json\/wp\/v2\/pages\/8439","targetHints":{"allow":["GET"]}}],"collection":[{"href":"https:\/\/www.imprimeriepharmacie.be\/fr\/wp-json\/wp\/v2\/pages"}],"about":[{"href":"https:\/\/www.imprimeriepharmacie.be\/fr\/wp-json\/wp\/v2\/types\/page"}],"author":[{"embeddable":true,"href":"https:\/\/www.imprimeriepharmacie.be\/fr\/wp-json\/wp\/v2\/users\/7"}],"replies":[{"embeddable":true,"href":"https:\/\/www.imprimeriepharmacie.be\/fr\/wp-json\/wp\/v2\/comments?post=8439"}],"version-history":[{"count":26,"href":"https:\/\/www.imprimeriepharmacie.be\/fr\/wp-json\/wp\/v2\/pages\/8439\/revisions"}],"predecessor-version":[{"id":13219,"href":"https:\/\/www.imprimeriepharmacie.be\/fr\/wp-json\/wp\/v2\/pages\/8439\/revisions\/13219"}],"up":[{"embeddable":true,"href":"https:\/\/www.imprimeriepharmacie.be\/fr\/wp-json\/wp\/v2\/pages\/3419"}],"wp:featuredmedia":[{"embeddable":true,"href":"https:\/\/www.imprimeriepharmacie.be\/fr\/wp-json\/wp\/v2\/media\/3351"}],"wp:attachment":[{"href":"https:\/\/www.imprimeriepharmacie.be\/fr\/wp-json\/wp\/v2\/media?parent=8439"}],"curies":[{"name":"wp","href":"https:\/\/api.w.org\/{rel}","templated":true}]}}